{"id":230642,"date":"2022-08-01T13:18:52","date_gmt":"2022-08-01T13:18:52","guid":{"rendered":"http:\/\/nax.fo\/personal\/?post_type=product&#038;p=230642"},"modified":"2023-06-23T08:40:17","modified_gmt":"2023-06-23T08:40:17","slug":"guided-walk-in-torshavn","status":"publish","type":"product","link":"https:\/\/nax.fo\/personal\/product\/guided-walk-in-torshavn\/","title":{"rendered":"Guided walk in T\u00f3rshavn"},"content":{"rendered":"<p>Come with us for a walk around the capital and familiarize yourself with the city and its rich story. Your experienced guide will take you around the city for a pre-planned route wich takes your around to the &#8220;must-see&#8217;s&#8221; of T\u00f3rshavn.<\/p>\n<p>The tour starts among the red houses with turf roofs in Tinganes which also functions as the base for the faroese government. Here we will hear about the story of the city while walking up the city and seeing how houses and city becomes more modern. The guide will show you some of the best known places as well as some of the places you can not read about in books or online travellers guides.<\/p>\n<p>As this is a private tour you\/your group will be the only ones walking together with the guide, and therefor the is a rich possibility of arranging the tour based on your preference. So if you would like to adjust the tour, the guide is ready to adjust the plans accordingly.<\/p>\n<p>This is an easy tour where everyone can come along and enjoy the relaxed atmosphere and personal service. Our staff are educated and experienced guides which are a part of the local community. Therefor we also know the hiden gems of the city and know the stories about the city which you can not get elsewhere.<\/p>\n<p>Some of the places you will visit on this are Tinganes, Skansin, N\u00f3lsoyar P\u00e1ll and other highlights of T\u00f3rshavn which you for sure will be glad that you saw while being on the Faroe Islands.<\/p>\n<p>&nbsp;<\/p>\n<h2><strong>Practical information<\/strong><\/h2>\n<p><strong>Meeting point:\u00a0 \u00a0 \u00a0 \u00a0<\/strong>Tinganes, T\u00f3rshavn<\/p>\n<p><strong>What is included:\u00a0 <\/strong>Experienced guide which is ready to adjust the tour based on your preference.<\/p>\n<p><strong>What to bring?:\u00a0 \u00a0 <\/strong>\u00a0Practial walking cloths and good shoes.<\/p>\n","protected":false},"excerpt":{"rendered":"<p>Come with us for a walk around the capital and familiarize yourself with the city and its rich story. Your experienced guide will take you around the city for a pre-planned route wich takes your around to the &#8220;must-see&#8217;s&#8221; of T\u00f3rshavn. The tour starts among the red houses with turf roofs in Tinganes which also [&hellip;]<\/p>\n","protected":false},"featured_media":231464,"comment_status":"open","ping_status":"closed","template":"","meta":{"_et_pb_use_builder":"","_et_pb_old_content":"","_et_gb_content_width":""},"product_brand":[],"product_cat":[20],"product_tag":[],"class_list":{"0":"post-230642","1":"product","2":"type-product","3":"status-publish","4":"has-post-thumbnail","6":"product_cat-walking-tours","8":"first","9":"instock","10":"sold-individually","11":"shipping-taxable","12":"purchasable","13":"product-type-booking"},"group_of_quantity":1,"min_quantity":1,"max_quantity":999,"exclude_order_quantity_value_rules":"no","exclude_category_quantity_rules":"no","combine_variations":"no","yoast_head":"<!-- This site is optimized with the Yoast SEO plugin v25.3 - https:\/\/yoast.com\/wordpress\/plugins\/seo\/ -->\n<title>Guided walk in T\u00f3rshavn - NAX personal<\/title>\n<meta name=\"robots\" content=\"index, follow, max-snippet:-1, max-image-preview:large, max-video-preview:-1\" \/>\n<link rel=\"canonical\" href=\"https:\/\/nax.fo\/personal\/product\/guided-walk-in-torshavn\/\" \/>\n<meta property=\"og:locale\" content=\"en_US\" \/>\n<meta property=\"og:type\" content=\"article\" \/>\n<meta property=\"og:title\" content=\"Guided walk in T\u00f3rshavn - NAX personal\" \/>\n<meta property=\"og:description\" content=\"Come with us for a walk around the capital and familiarize yourself with the city and its rich story. Your experienced guide will take you around the city for a pre-planned route wich takes your around to the &#8220;must-see&#8217;s&#8221; of T\u00f3rshavn. The tour starts among the red houses with turf roofs in Tinganes which also [&hellip;]\" \/>\n<meta property=\"og:url\" content=\"https:\/\/nax.fo\/personal\/product\/guided-walk-in-torshavn\/\" \/>\n<meta property=\"og:site_name\" content=\"NAX personal\" \/>\n<meta property=\"article:modified_time\" content=\"2023-06-23T08:40:17+00:00\" \/>\n<meta property=\"og:image\" content=\"https:\/\/nax.fo\/personal\/wp-content\/uploads\/sites\/2\/2022\/08\/Torshavn-Visit-Faroe-Islands_June-2022-1-819x1024.jpg\" \/>\n\t<meta property=\"og:image:width\" content=\"819\" \/>\n\t<meta property=\"og:image:height\" content=\"1024\" \/>\n\t<meta property=\"og:image:type\" content=\"image\/jpeg\" \/>\n<meta name=\"twitter:card\" content=\"summary_large_image\" \/>\n<meta name=\"twitter:label1\" content=\"Est. reading time\" \/>\n\t<meta name=\"twitter:data1\" content=\"1 minute\" \/>\n<script type=\"application\/ld+json\" class=\"yoast-schema-graph\">{\"@context\":\"https:\/\/schema.org\",\"@graph\":[{\"@type\":\"WebPage\",\"@id\":\"https:\/\/nax.fo\/personal\/product\/guided-walk-in-torshavn\/\",\"url\":\"https:\/\/nax.fo\/personal\/product\/guided-walk-in-torshavn\/\",\"name\":\"Guided walk in T\u00f3rshavn - NAX personal\",\"isPartOf\":{\"@id\":\"https:\/\/nax.fo\/personal\/#website\"},\"primaryImageOfPage\":{\"@id\":\"https:\/\/nax.fo\/personal\/product\/guided-walk-in-torshavn\/#primaryimage\"},\"image\":{\"@id\":\"https:\/\/nax.fo\/personal\/product\/guided-walk-in-torshavn\/#primaryimage\"},\"thumbnailUrl\":\"https:\/\/nax.fo\/personal\/wp-content\/uploads\/sites\/2\/2022\/08\/Torshavn-Visit-Faroe-Islands_June-2022-1.jpg\",\"datePublished\":\"2022-08-01T13:18:52+00:00\",\"dateModified\":\"2023-06-23T08:40:17+00:00\",\"breadcrumb\":{\"@id\":\"https:\/\/nax.fo\/personal\/product\/guided-walk-in-torshavn\/#breadcrumb\"},\"inLanguage\":\"en-US\",\"potentialAction\":[{\"@type\":\"ReadAction\",\"target\":[\"https:\/\/nax.fo\/personal\/product\/guided-walk-in-torshavn\/\"]}]},{\"@type\":\"ImageObject\",\"inLanguage\":\"en-US\",\"@id\":\"https:\/\/nax.fo\/personal\/product\/guided-walk-in-torshavn\/#primaryimage\",\"url\":\"https:\/\/nax.fo\/personal\/wp-content\/uploads\/sites\/2\/2022\/08\/Torshavn-Visit-Faroe-Islands_June-2022-1.jpg\",\"contentUrl\":\"https:\/\/nax.fo\/personal\/wp-content\/uploads\/sites\/2\/2022\/08\/Torshavn-Visit-Faroe-Islands_June-2022-1.jpg\",\"width\":1920,\"height\":2400,\"caption\":\"Enrico Baroni \/ @roaminpix June 2022\"},{\"@type\":\"BreadcrumbList\",\"@id\":\"https:\/\/nax.fo\/personal\/product\/guided-walk-in-torshavn\/#breadcrumb\",\"itemListElement\":[{\"@type\":\"ListItem\",\"position\":1,\"name\":\"Home\",\"item\":\"https:\/\/nax.fo\/personal\/\"},{\"@type\":\"ListItem\",\"position\":2,\"name\":\"Shop\",\"item\":\"https:\/\/nax.fo\/personal\/shop\/\"},{\"@type\":\"ListItem\",\"position\":3,\"name\":\"Guided walk in T\u00f3rshavn\"}]},{\"@type\":\"WebSite\",\"@id\":\"https:\/\/nax.fo\/personal\/#website\",\"url\":\"https:\/\/nax.fo\/personal\/\",\"name\":\"NAX personal\",\"description\":\"North Atlantic Xperience\",\"potentialAction\":[{\"@type\":\"SearchAction\",\"target\":{\"@type\":\"EntryPoint\",\"urlTemplate\":\"https:\/\/nax.fo\/personal\/?s={search_term_string}\"},\"query-input\":{\"@type\":\"PropertyValueSpecification\",\"valueRequired\":true,\"valueName\":\"search_term_string\"}}],\"inLanguage\":\"en-US\"}]}<\/script>\n<!-- \/ Yoast SEO plugin. -->","yoast_head_json":{"title":"Guided walk in T\u00f3rshavn - NAX personal","robots":{"index":"index","follow":"follow","max-snippet":"max-snippet:-1","max-image-preview":"max-image-preview:large","max-video-preview":"max-video-preview:-1"},"canonical":"https:\/\/nax.fo\/personal\/product\/guided-walk-in-torshavn\/","og_locale":"en_US","og_type":"article","og_title":"Guided walk in T\u00f3rshavn - NAX personal","og_description":"Come with us for a walk around the capital and familiarize yourself with the city and its rich story. Your experienced guide will take you around the city for a pre-planned route wich takes your around to the &#8220;must-see&#8217;s&#8221; of T\u00f3rshavn. The tour starts among the red houses with turf roofs in Tinganes which also [&hellip;]","og_url":"https:\/\/nax.fo\/personal\/product\/guided-walk-in-torshavn\/","og_site_name":"NAX personal","article_modified_time":"2023-06-23T08:40:17+00:00","og_image":[{"width":819,"height":1024,"url":"https:\/\/nax.fo\/personal\/wp-content\/uploads\/sites\/2\/2022\/08\/Torshavn-Visit-Faroe-Islands_June-2022-1-819x1024.jpg","type":"image\/jpeg"}],"twitter_card":"summary_large_image","twitter_misc":{"Est. reading time":"1 minute"},"schema":{"@context":"https:\/\/schema.org","@graph":[{"@type":"WebPage","@id":"https:\/\/nax.fo\/personal\/product\/guided-walk-in-torshavn\/","url":"https:\/\/nax.fo\/personal\/product\/guided-walk-in-torshavn\/","name":"Guided walk in T\u00f3rshavn - NAX personal","isPartOf":{"@id":"https:\/\/nax.fo\/personal\/#website"},"primaryImageOfPage":{"@id":"https:\/\/nax.fo\/personal\/product\/guided-walk-in-torshavn\/#primaryimage"},"image":{"@id":"https:\/\/nax.fo\/personal\/product\/guided-walk-in-torshavn\/#primaryimage"},"thumbnailUrl":"https:\/\/nax.fo\/personal\/wp-content\/uploads\/sites\/2\/2022\/08\/Torshavn-Visit-Faroe-Islands_June-2022-1.jpg","datePublished":"2022-08-01T13:18:52+00:00","dateModified":"2023-06-23T08:40:17+00:00","breadcrumb":{"@id":"https:\/\/nax.fo\/personal\/product\/guided-walk-in-torshavn\/#breadcrumb"},"inLanguage":"en-US","potentialAction":[{"@type":"ReadAction","target":["https:\/\/nax.fo\/personal\/product\/guided-walk-in-torshavn\/"]}]},{"@type":"ImageObject","inLanguage":"en-US","@id":"https:\/\/nax.fo\/personal\/product\/guided-walk-in-torshavn\/#primaryimage","url":"https:\/\/nax.fo\/personal\/wp-content\/uploads\/sites\/2\/2022\/08\/Torshavn-Visit-Faroe-Islands_June-2022-1.jpg","contentUrl":"https:\/\/nax.fo\/personal\/wp-content\/uploads\/sites\/2\/2022\/08\/Torshavn-Visit-Faroe-Islands_June-2022-1.jpg","width":1920,"height":2400,"caption":"Enrico Baroni \/ @roaminpix June 2022"},{"@type":"BreadcrumbList","@id":"https:\/\/nax.fo\/personal\/product\/guided-walk-in-torshavn\/#breadcrumb","itemListElement":[{"@type":"ListItem","position":1,"name":"Home","item":"https:\/\/nax.fo\/personal\/"},{"@type":"ListItem","position":2,"name":"Shop","item":"https:\/\/nax.fo\/personal\/shop\/"},{"@type":"ListItem","position":3,"name":"Guided walk in T\u00f3rshavn"}]},{"@type":"WebSite","@id":"https:\/\/nax.fo\/personal\/#website","url":"https:\/\/nax.fo\/personal\/","name":"NAX personal","description":"North Atlantic Xperience","potentialAction":[{"@type":"SearchAction","target":{"@type":"EntryPoint","urlTemplate":"https:\/\/nax.fo\/personal\/?s={search_term_string}"},"query-input":{"@type":"PropertyValueSpecification","valueRequired":true,"valueName":"search_term_string"}}],"inLanguage":"en-US"}]}},"_links":{"self":[{"href":"https:\/\/nax.fo\/personal\/wp-json\/wp\/v2\/product\/230642","targetHints":{"allow":["GET"]}}],"collection":[{"href":"https:\/\/nax.fo\/personal\/wp-json\/wp\/v2\/product"}],"about":[{"href":"https:\/\/nax.fo\/personal\/wp-json\/wp\/v2\/types\/product"}],"replies":[{"embeddable":true,"href":"https:\/\/nax.fo\/personal\/wp-json\/wp\/v2\/comments?post=230642"}],"wp:featuredmedia":[{"embeddable":true,"href":"https:\/\/nax.fo\/personal\/wp-json\/wp\/v2\/media\/231464"}],"wp:attachment":[{"href":"https:\/\/nax.fo\/personal\/wp-json\/wp\/v2\/media?parent=230642"}],"wp:term":[{"taxonomy":"product_brand","embeddable":true,"href":"https:\/\/nax.fo\/personal\/wp-json\/wp\/v2\/product_brand?post=230642"},{"taxonomy":"product_cat","embeddable":true,"href":"https:\/\/nax.fo\/personal\/wp-json\/wp\/v2\/product_cat?post=230642"},{"taxonomy":"product_tag","embeddable":true,"href":"https:\/\/nax.fo\/personal\/wp-json\/wp\/v2\/product_tag?post=230642"}],"curies":[{"name":"wp","href":"https:\/\/api.w.org\/{rel}","templated":true}]}}